{"id":10,"date":"2015-07-29T14:51:55","date_gmt":"2015-07-29T12:51:55","guid":{"rendered":"http:\/\/ustronie.radom.pl\/bip\/?page_id=10"},"modified":"2025-01-10T08:42:33","modified_gmt":"2025-01-10T07:42:33","slug":"zarzad","status":"publish","type":"page","link":"https:\/\/ustronie.radom.pl\/bip\/zarzad\/","title":{"rendered":"Zarz\u0105d"},"content":{"rendered":"<p><span class=\"nag03\"><b>Sk\u0142ad Zarz\u0105du SM &#8220;USTRONIE&#8221;<\/b><\/span><\/p>\n<hr size=\"1\" \/>\n<p>Zgodnie z par. 47 oraz par. 48 ust. 1 Statutu Sp\u00f3\u0142dzielni Mieszkaniowej &#8220;Ustronie&#8221;, Zarz\u0105d kieruje dzia\u0142alno\u015bci\u0105 Sp\u00f3\u0142dzielni i reprezentuje j\u0105 na zewn\u0105trz. Sk\u0142ada si\u0119 z trzech os\u00f3b:<\/p>\n<p>1.\u00a0 Robert Pyzara &#8211; Prezes Zarz\u0105du<\/p>\n<p>2.\u00a0 Robert Chrobotowicz &#8211; Zast\u0119pca Prezesa ds. Technicznych<\/p>\n<p>3. Barbara Figura &#8211; G\u0142\u00f3wny Ksi\u0119gowy &#8211; Cz\u0142onek Zarz\u0105du<\/p>\n<p><strong>Zarz\u0105d Sp\u00f3\u0142dzielni Mieszkaniowej \u201eUstronie\u201d przyjmuje mieszka\u0144c\u00f3w w sprawach cz\u0142onkowsko mieszkaniowych w \u015brody od godz. 15:00-17:00<\/strong> ( I pi\u0119tro, pok. nr 30)<\/p>\n","protected":false},"excerpt":{"rendered":"<p>Sk\u0142ad Zarz\u0105du SM &#8220;USTRONIE&#8221; Zgodnie z par. 47 oraz par. 48 ust. 1 Statutu Sp\u00f3\u0142dzielni Mieszkaniowej &#8220;Ustronie&#8221;, Zarz\u0105d kieruje dzia\u0142alno\u015bci\u0105 Sp\u00f3\u0142dzielni i reprezentuje j\u0105 na zewn\u0105trz. Sk\u0142ada si\u0119 z trzech os\u00f3b: 1.\u00a0 Robert Pyzara&#46;&#46;&#46;<\/p>\n","protected":false},"author":1,"featured_media":0,"parent":0,"menu_order":0,"comment_status":"open","ping_status":"open","template":"","meta":{"footnotes":""},"_links":{"self":[{"href":"https:\/\/ustronie.radom.pl\/bip\/wp-json\/wp\/v2\/pages\/10"}],"collection":[{"href":"https:\/\/ustronie.radom.pl\/bip\/wp-json\/wp\/v2\/pages"}],"about":[{"href":"https:\/\/ustronie.radom.pl\/bip\/wp-json\/wp\/v2\/types\/page"}],"author":[{"embeddable":true,"href":"https:\/\/ustronie.radom.pl\/bip\/wp-json\/wp\/v2\/users\/1"}],"replies":[{"embeddable":true,"href":"https:\/\/ustronie.radom.pl\/bip\/wp-json\/wp\/v2\/comments?post=10"}],"version-history":[{"count":26,"href":"https:\/\/ustronie.radom.pl\/bip\/wp-json\/wp\/v2\/pages\/10\/revisions"}],"predecessor-version":[{"id":1055,"href":"https:\/\/ustronie.radom.pl\/bip\/wp-json\/wp\/v2\/pages\/10\/revisions\/1055"}],"wp:attachment":[{"href":"https:\/\/ustronie.radom.pl\/bip\/wp-json\/wp\/v2\/media?parent=10"}],"curies":[{"name":"wp","href":"https:\/\/api.w.org\/{rel}","templated":true}]}}