{"id":16,"date":"2015-07-29T14:52:50","date_gmt":"2015-07-29T12:52:50","guid":{"rendered":"http:\/\/ustronie.radom.pl\/bip\/?page_id=16"},"modified":"2025-12-30T09:30:14","modified_gmt":"2025-12-30T08:30:14","slug":"statut-i-regulaminy","status":"publish","type":"page","link":"https:\/\/ustronie.radom.pl\/bip\/statut-i-regulaminy\/","title":{"rendered":"Statut i Regulaminy"},"content":{"rendered":"\n<div class=\"wp-block-file\"><a id=\"wp-block-file--media-a1e44f6c-7362-4279-8521-d9ba9d971246\" href=\"https:\/\/ustronie.radom.pl\/bip\/wp-content\/uploads\/2024\/08\/STATUT-2024.pdf\">STATUT-2024<\/a><\/div>\n\n\n\n<div class=\"wp-block-file\"><object class=\"wp-block-file__embed\" data=\"https:\/\/ustronie.radom.pl\/bip\/wp-content\/uploads\/2025\/12\/Uchwala-Zarzadu-Nr-292-z-dn.-02.12.2025-r.pdf\" type=\"application\/pdf\" style=\"width:100%;height:600px\" aria-label=\"Osadzone z Uchwala-Zarzadu-Nr-292-z-dn.-02.12.2025-r.\"><\/object><a id=\"wp-block-file--media-021f883f-1f5e-44f2-bdcf-5ad7bc4ca7ff\" href=\"https:\/\/ustronie.radom.pl\/bip\/wp-content\/uploads\/2025\/12\/Uchwala-Zarzadu-Nr-292-z-dn.-02.12.2025-r.pdf\">Uchwala-Zarzadu-Nr-292-z-dn.-02.12.2025-r<\/a><a href=\"https:\/\/ustronie.radom.pl\/bip\/wp-content\/uploads\/2025\/12\/Uchwala-Zarzadu-Nr-292-z-dn.-02.12.2025-r.pdf\" class=\"wp-block-file__button wp-element-button\" download aria-describedby=\"wp-block-file--media-021f883f-1f5e-44f2-bdcf-5ad7bc4ca7ff\">Pobierz<\/a><\/div>\n\n\n<p>Regulamin w sprawie okre\u015blania zasad u\u017cytkowania parking\u00f3w spo\u0142ecznie strze\u017conych znajduj\u0105cych si\u0119 w zasobach Sp\u00f3\u0142dzielni Mieszkaniowej Ustronie w Radomiu<\/p>\n<p><a href=\"https:\/\/ustronie.radom.pl\/bip\/wp-content\/uploads\/2018\/06\/Regulamin-przeprowadzania-przetarg\u00f3w-na-pierwsze\u0144stwo-ustanawiania-tytu\u0142\u00f3w-prawnych-do-lokali-wolnych-w-sensie-prawnym-w-SM-Ustronie-w-Radomiu.pdf\">Regulamin przeprowadzania przetarg\u00f3w na pierwsze\u0144stwo ustanawiania tytu\u0142\u00f3w prawnych do lokali wolnych w sensie prawnym w SM Ustronie w Radomiu<\/a><\/p>\n<p><a href=\"https:\/\/ustronie.radom.pl\/bip\/wp-content\/uploads\/2015\/07\/REGULAMIN-NABORU-DZIECI-I-M\u0141ODZIE\u017bY-NA-ZAJ\u0118CIA-W-KLUBIE-OSIEDLOWYM-USTRONIE-zatwierdzony-przez-rad\u0119-Nadzorcz\u0105-Uchwa\u0142\u0105-Nr-40-z-dn.-29.05.2017r.pdf\">REGULAMIN NABORU DZIECI I M\u0141ODZIE\u017bY NA ZAJ\u0118CIA W KLUBIE OSIEDLOWYM USTRONIE zatwierdzony przez Rad\u0119 Nadzorcz\u0105 Uchwa\u0142\u0105 Nr 40 z dn. 29.05.2017r<\/a><\/p>\n<p><a href=\"https:\/\/ustronie.radom.pl\/bip\/wp-content\/uploads\/2015\/07\/kopia_Regulaminwzakresieuzyskiwaniaodpisowikopiidokumentow2015-Kopia.pdf\" target=\"_blank\" rel=\"noopener\">Regulamin w zakresie uzyskiwania odpis\u00f3w i kopii dokument\u00f3w &#8211; 2015<\/a><\/p>\n<p><a href=\"https:\/\/ustronie.radom.pl\/bip\/wp-content\/uploads\/2015\/07\/Regulaminumarzaniaodsetek-tekstjednolity.pdf\" target=\"_blank\" rel=\"noopener\">Regulamin umarzania odsetek &#8211; tekst jednolity<\/a><\/p>\n<p><a href=\"https:\/\/ustronie.radom.pl\/bip\/wp-content\/uploads\/2015\/07\/RegulaminwindykacjinaleznosciczynszowychSMU2013.pdf\" target=\"_blank\" rel=\"noopener\">Regulamin windykacji nale\u017cno\u015bci czynszowych SM &#8220;Ustronie&#8221; &#8211; 2013r.<\/a><\/p>\n<p><a href=\"https:\/\/ustronie.radom.pl\/bip\/wp-content\/uploads\/2015\/07\/RegulamintworzeniaiwykorzystaniafunduszuremontowegowSpoldzielniMieszkaniowej.pdf\" target=\"_blank\" rel=\"noopener\">Regulamin tworzenia i wykorzystania funduszu remontowego w Sp\u00f3\u0142dzielni Mieszkaniowej<\/a><br \/><!--\n<a href=\"https:\/\/ustronie.radom.pl\/bip\/wp-content\/uploads\/2015\/07\/Regulaminfunduszyzasobowego.pdf\" target=\"_blank\" rel=\"noopener\">Regulamin funduszu zasobowego<\/a>--><\/p>\n<p><a href=\"https:\/\/ustronie.radom.pl\/bip\/wp-content\/uploads\/2015\/07\/REGULAMINKORZYSTANIAZINFORMACJIOSTANIEKONTACZYNSZOWEGOPOPRZEZINTERNET.pdf\" target=\"_blank\" rel=\"noopener\">Regulamin korzystania z informacji o stanie konta czynszowego przez internet<\/a><\/p>\n<p><a href=\"https:\/\/ustronie.radom.pl\/bip\/wp-content\/uploads\/2015\/07\/REGULAMINDZIALANOSCISPOLECZNEJKULTURALNEJIOSWIATOWEJtekstjedn..pdf\" target=\"_blank\" rel=\"noopener\">Regulamin dzia\u0142alno\u015bci spo\u0142ecznej kulturalnej i o\u015bwiatowej.<\/a><\/p>\n<p><a href=\"https:\/\/ustronie.radom.pl\/bip\/wp-content\/uploads\/2015\/10\/REGULAMIN-FUNKCJONOWANIA-MONITORINGU-WIZYJNEGO-W-S.M.-USTRONIE.pdf\">Regulamin funkcjonowania monitoringu wizyjnego w Sp\u00f3\u0142dzielni Mieszkaniowej USTRONIE ul. Wy\u015bcigowa 19, 26-600 Radom<\/a><\/p>\n<p><a href=\"https:\/\/ustronie.radom.pl\/bip\/wp-content\/uploads\/2015\/07\/Regulamin-Rady-Nadzorczej-Sp\u00f3\u0142dzielni-Mieszkaniowej-Ustronie-uchwalony-przez-Walne-Zgromadzenie-w-dniu-11-maja-2018r..pdf\">Regulamin Rady Nadzorczej Sp\u00f3\u0142dzielni Mieszkaniowej Ustronie uchwalony przez Walne Zgromadzenie w dniu 11 maja 2018 r.<\/a><\/p>\n<p><a href=\"https:\/\/ustronie.radom.pl\/bip\/wp-content\/uploads\/2015\/07\/Regulamin-okre\u015blaj\u0105cy-zasady-rozliczania-przychod\u00f3w-i-koszt\u00f3w-gospodarki-zasobami-mieszkaniowymi-oraz-zasady-ustalania-op\u0142at-za-lokale-w-Sp\u00f3\u0142dzielni.pdf\">Regulamin okre\u015blaj\u0105cy zasady rozliczania przychod\u00f3w i koszt\u00f3w gospodarki zasobami mieszkaniowymi oraz zasady ustalania op\u0142at za lokale w Sp\u00f3\u0142dzielni<\/a><\/p>\n\n\n<div class=\"wp-block-file\"><a id=\"wp-block-file--media-c6187216-967c-4531-8dd4-2ce0a860c209\" href=\"https:\/\/ustronie.radom.pl\/bip\/wp-content\/uploads\/2025\/11\/Regulamin-zlecenia-dostaw-i-uslug-na-rzecz-S.M.-USTRONIE-w-Radomiu.pdf\">Regulamin-zlecenia-dostaw-i-uslug-na-rzecz-S.M.-USTRONIE-w-Radomiu<\/a><\/div>\n\n\n\n<div class=\"wp-block-file\"><a id=\"wp-block-file--media-9194bb35-3e85-48f2-b388-8574fe16605f\" href=\"https:\/\/ustronie.radom.pl\/bip\/wp-content\/uploads\/2024\/04\/REGULAMIN-ROZPATRYWANIA-SKARG-I-WNIOSKOW-ZLOZONYCH-W-S.M.-USTRONIE-W-RADOMIU-ZATW.-UCHWALA-RN-W-DN.-20.02.2024-R-1.pdf\">REGULAMIN-ROZPATRYWANIA-SKARG-I-WNIOSKOW-ZLOZONYCH-W-S.M.-USTRONIE-W-RADOMIU-ZATW.-UCHWALA-RN-W-DN.-20.02.2024-R-1<\/a><\/div>\n\n\n\n<BR><a id=\"wp-block-file--media-b39bb761-c2af-47b0-a106-c85f2d9a493c\" href=\"https:\/\/ustronie.radom.pl\/bip\/wp-content\/uploads\/2023\/03\/Regulamin-Klubu-Seniora-Ustroniacy-w-SM-Ustronie.pdf\">Regulamin Klubu Seniora Ustroniacy w SM Ustronie<\/a><br><br>\n\n\n\n<a id=\"wp-block-file--media-025353fa-12cb-42a4-aad5-0fe623441609\" href=\"https:\/\/ustronie.radom.pl\/bip\/wp-content\/uploads\/2015\/10\/Regulamin-rozliczania-kosztow-dostawy-ciepla-do-budynkow-oraz-ustalania-oplat-i-dokonywania-rozliczen-z-uzytkownikami-lokali-za-centralne-ogrzewanie-i-podgrzanie-wody-w-S.M.-USTRONIE-mm.pdf\">Regulamin rozliczania koszt\u00f3w dostawy ciep\u0142a do budynk\u00f3w oraz zasad ustalania op\u0142at i dokonywania rozlicze\u0144 z u\u017cytkownikami lokali za centralne ogrzewanie i podgrzanie wody w S.M. USTRONIE<\/a><br><br>\n\n\n\n<a id=\"wp-block-file--media-84764311-7a91-4dab-9d7c-0f61dc86e056\" href=\"https:\/\/ustronie.radom.pl\/bip\/wp-content\/uploads\/2023\/06\/REGULAMIN-ROZLICZANIA-KOSZTOW-DOSTAWY-ZUZYCIA-WODY-I-ODPROWADZANIA-SCIEKOW-USTALANIA-OPLAT-Z-TEGO-TYTULU-ORAZ-ZASADY-WYMIANY-I-MONTAZU-WODOMIERZY-W-S.M.-USTRONIE.pdf\">Regulamin rozliczenia koszt\u00f3w dostawy, zu\u017cycia wody i odprowadzania \u015bciek\u00f3w, ustalania op\u0142at z tego tytu\u0142u oraz zasada wymiany i monta\u017cy wodomierzy<\/a>\n\n\n\n<div class=\"wp-block-file\"><a id=\"wp-block-file--media-11e10a79-decf-4429-91e0-0b2c06ff15fc\" href=\"https:\/\/ustronie.radom.pl\/bip\/wp-content\/uploads\/2023\/09\/Regulamin-wymiany-stolarki-okiennej-w-S.M.-Ustronie-zatw.-Uchwala-RN-nr-63-z-dn.-29.08.2023-r.pdf\"><br>Regulamin wymiany stolarki okiennej w S.M. Ustronie zatw. Uchwala RN nr 63 z dn.-29.08.2023-r<\/a><\/div>\n\n\n\n<div class=\"wp-block-file\"><a id=\"wp-block-file--media-4466bc8d-9d58-431f-8a07-95f3b5bc297d\" href=\"https:\/\/ustronie.radom.pl\/bip\/wp-content\/uploads\/2023\/11\/Regulamin-doreczania-korespondencji-do-lok.-mieszkalnych-zarzadzanych-przez-S.M.-USTRONIE-ponoszenia-kosztow-z-tym-zwiazanych-oraz-udzielania-telefonicznych-informacji.pdf\">Regulamin dor\u0119czania korespondencji do lok. mieszkalnych zarz\u0105dzanych przez S.M. USTRONIE, ponoszenia koszt\u00f3w z tym zwiazanych oraz udzielania telefonicznych informacji<\/a><\/div>\n\n\n\n<div class=\"wp-block-file\"><a id=\"wp-block-file--media-3b0ca4d9-6f4f-4bb6-8252-1f4357bf4932\" href=\"https:\/\/ustronie.radom.pl\/bip\/wp-content\/uploads\/2023\/11\/Uchwala-Nr-73-Rady-Nadzorczej-z-dn.-21.11.2023-r.-dot.-zatw.-stawki-oplat-za-doreczenie-korespondencji-poza-zasobam-Spoldzielni.pdf\">1) Uchwa\u0142a Nr 73 Rady Nadzorczej z dn. 21.11.2023 r. dot. zatw. stawki op\u0142at za doreczenie korespondencji poza zasobam Sp\u00f3\u0142dzielni<\/a><\/div>\n\n\n\n<div class=\"wp-block-file\"><a id=\"wp-block-file--media-0cd14d32-aad5-49f3-bd92-19e07effe21d\" href=\"https:\/\/ustronie.radom.pl\/bip\/wp-content\/uploads\/2023\/11\/Zal.-nr-1-do-Regulaminu-dostarczania-korespondencji-do-lok.-mieszk.-WNIOSEK-o-przesylanie-wszelkiej-korespondencji-dot.-lok.-na-wskazany-adres.pdf\">2) Za\u0142. nr 1 do Regulaminu dostarczania korespondencji do lok. mieszk. WNIOSEK o przesy\u0142anie wszelkiej korespondencji dot. lok. na wskazany adres<\/a><\/div>\n\n\n\n<div class=\"wp-block-file\"><a id=\"wp-block-file--media-e3b9f7ab-93fe-488e-bc17-047d2295a672\" href=\"https:\/\/ustronie.radom.pl\/bip\/wp-content\/uploads\/2023\/11\/Zal.-nr-2-Regulaminu-dostarczania-korespondencji-do-lok.-mieszk.-REZYGNACJA-z-wysylania-korespondencji-przez-Spoldzielnie-Ustronie-na-wczesniej-podany-adres-korespondencyjny.pdf\">3) Za\u0142. nr 2 Regulaminu dostarczania korespondencji do lok. mieszk. REZYGNACJA z wysy\u0142ania korespondencji przez Sp\u00f3\u0142dzielni\u0119 Ustronie na wczesniej podany adres korespondencyjny<\/a><\/div>\n\n\n\n<div class=\"wp-block-file\"><a id=\"wp-block-file--media-4f12f9ce-a62d-4f2e-b26f-bf525cea7ca3\" href=\"https:\/\/ustronie.radom.pl\/bip\/wp-content\/uploads\/2023\/11\/Zal.-nr-3-do-Regulaminu-dostarczania-korespondencji-do-lok.-mieszk.-WNIOSEK-o-przesylanie-wszelkiej-korespondencji-dot.-lok.-droga-elektroniczna-na-wskazany-adres-poczty-elektronicznej-e-mail.pdf\">4) Za\u0142. nr 3 do Regulaminu dostarczania korespondencji do lok. mieszk. WNIOSEK o przesy\u0142anie wszelkiej korespondencji dot. lok. drog\u0105 elektroniczn\u0105 na wskazany adres poczty elektronicznej e-mail<\/a><\/div>\n\n\n\n<div class=\"wp-block-file\"><a id=\"wp-block-file--media-ec9d5664-a9ef-4957-9fb4-1c541dbc0937\" href=\"https:\/\/ustronie.radom.pl\/bip\/wp-content\/uploads\/2023\/11\/Zal.-nr-4-do-Regulaminu-dostarczania-korespondencji-do-lok.-mieszk.-REZYGNACJA-z-wysylania-korespondencji-przez-Spoldzielnie-dot.-lok.-droga-elektroniczna-na-wczesniej-podany-adres.pdf\">5) Za\u0142. nr 4 do Regulaminu dostarczania korespondencji do lok. mieszk. REZYGNACJA z wysy\u0142ania korespondencji przez Sp\u00f3\u0142dzielni\u0119 dot. lok. drog\u0105 elektroniczn\u0105 na wcze\u015bniej podany adres poczty elektr. e-mail<\/a><\/div>\n\n\n\n<div class=\"wp-block-file\"><a id=\"wp-block-file--media-192e07b1-515e-4a2e-8731-3780d0cddd78\" href=\"https:\/\/ustronie.radom.pl\/bip\/wp-content\/uploads\/2025\/09\/Regulami-uzytkowania-lokali-i-porzadku-domowego-w-S.M.-USTRONIE-w-Radomiu-23.09.2025-r.pdf\">Regulami-uzytkowania-lokali-i-porzadku-domowego-w-S.M.-USTRONIE-w-Radomiu-23.09.2025-r<\/a><\/div>\n\n\n\n<figure class=\"wp-block-gallery has-nested-images columns-default is-cropped wp-block-gallery-1 is-layout-flex wp-block-gallery-is-layout-flex\"><\/figure>\n","protected":false},"excerpt":{"rendered":"<p>Regulamin w sprawie okre\u015blania zasad u\u017cytkowania parking\u00f3w spo\u0142ecznie strze\u017conych znajduj\u0105cych si\u0119 w zasobach Sp\u00f3\u0142dzielni Mieszkaniowej Ustronie w Radomiu Regulamin przeprowadzania przetarg\u00f3w na pierwsze\u0144stwo ustanawiania tytu\u0142\u00f3w prawnych do lokali wolnych w sensie prawnym w SM&#46;&#46;&#46;<\/p>\n","protected":false},"author":1,"featured_media":0,"parent":0,"menu_order":0,"comment_status":"open","ping_status":"open","template":"","meta":{"footnotes":""},"_links":{"self":[{"href":"https:\/\/ustronie.radom.pl\/bip\/wp-json\/wp\/v2\/pages\/16"}],"collection":[{"href":"https:\/\/ustronie.radom.pl\/bip\/wp-json\/wp\/v2\/pages"}],"about":[{"href":"https:\/\/ustronie.radom.pl\/bip\/wp-json\/wp\/v2\/types\/page"}],"author":[{"embeddable":true,"href":"https:\/\/ustronie.radom.pl\/bip\/wp-json\/wp\/v2\/users\/1"}],"replies":[{"embeddable":true,"href":"https:\/\/ustronie.radom.pl\/bip\/wp-json\/wp\/v2\/comments?post=16"}],"version-history":[{"count":91,"href":"https:\/\/ustronie.radom.pl\/bip\/wp-json\/wp\/v2\/pages\/16\/revisions"}],"predecessor-version":[{"id":1155,"href":"https:\/\/ustronie.radom.pl\/bip\/wp-json\/wp\/v2\/pages\/16\/revisions\/1155"}],"wp:attachment":[{"href":"https:\/\/ustronie.radom.pl\/bip\/wp-json\/wp\/v2\/media?parent=16"}],"curies":[{"name":"wp","href":"https:\/\/api.w.org\/{rel}","templated":true}]}}