{"id":2,"date":"2015-07-29T13:38:28","date_gmt":"2015-07-29T11:38:28","guid":{"rendered":"http:\/\/ustronie.radom.pl\/bip\/?page_id=2"},"modified":"2015-11-19T14:17:08","modified_gmt":"2015-11-19T13:17:08","slug":"przykladowa-strona","status":"publish","type":"page","link":"https:\/\/ustronie.radom.pl\/bip\/","title":{"rendered":"Biuletynu Informacji Publicznej"},"content":{"rendered":"<p>&nbsp;<\/p>\n<blockquote>\n<p style=\"text-align: center;\">Witamy wszystkich Pa\u0144stwa na stronie Biuletynu Informacji Publicznej SM &#8220;USTRONIE&#8221;.<\/p>\n<p style=\"text-align: center;\">Mo\u017cecie Pa\u0144stwo bli\u017cej zapozna\u0107 si\u0119 z nasz\u0105 sp\u00f3\u0142dzielni\u0105 poprzez informacje jakie tutaj zamieszczamy.<\/p>\n<\/blockquote>\n","protected":false},"excerpt":{"rendered":"<p>&nbsp; Witamy wszystkich Pa\u0144stwa na stronie Biuletynu Informacji Publicznej SM &#8220;USTRONIE&#8221;. Mo\u017cecie Pa\u0144stwo bli\u017cej zapozna\u0107 si\u0119 z nasz\u0105 sp\u00f3\u0142dzielni\u0105 poprzez informacje jakie tutaj zamieszczamy.<\/p>\n","protected":false},"author":1,"featured_media":0,"parent":0,"menu_order":0,"comment_status":"open","ping_status":"open","template":"","meta":{"footnotes":""},"_links":{"self":[{"href":"https:\/\/ustronie.radom.pl\/bip\/wp-json\/wp\/v2\/pages\/2"}],"collection":[{"href":"https:\/\/ustronie.radom.pl\/bip\/wp-json\/wp\/v2\/pages"}],"about":[{"href":"https:\/\/ustronie.radom.pl\/bip\/wp-json\/wp\/v2\/types\/page"}],"author":[{"embeddable":true,"href":"https:\/\/ustronie.radom.pl\/bip\/wp-json\/wp\/v2\/users\/1"}],"replies":[{"embeddable":true,"href":"https:\/\/ustronie.radom.pl\/bip\/wp-json\/wp\/v2\/comments?post=2"}],"version-history":[{"count":7,"href":"https:\/\/ustronie.radom.pl\/bip\/wp-json\/wp\/v2\/pages\/2\/revisions"}],"predecessor-version":[{"id":130,"href":"https:\/\/ustronie.radom.pl\/bip\/wp-json\/wp\/v2\/pages\/2\/revisions\/130"}],"wp:attachment":[{"href":"https:\/\/ustronie.radom.pl\/bip\/wp-json\/wp\/v2\/media?parent=2"}],"curies":[{"name":"wp","href":"https:\/\/api.w.org\/{rel}","templated":true}]}}