{"id":16,"date":"2015-09-26T21:45:32","date_gmt":"2015-09-26T19:45:32","guid":{"rendered":"http:\/\/ustronie.radom.pl\/cms\/?page_id=16"},"modified":"2022-09-08T08:41:38","modified_gmt":"2022-09-08T06:41:38","slug":"mapy-nieruchomosci","status":"publish","type":"page","link":"https:\/\/ustronie.radom.pl\/cms\/mapy-nieruchomosci\/","title":{"rendered":"Mapy nieruchomo\u015bci"},"content":{"rendered":"<p><a href=\"https:\/\/ustronie.radom.pl\/cms\/wp-content\/uploads\/2015\/09\/kopia_Ustronie_Nieruchomosci.pdf\">MAPA NIERUCHOMO\u015aCI MIESZKALNYCH<\/a><\/p>\n<p><a href=\"https:\/\/ustronie.radom.pl\/cms\/wp-content\/uploads\/2015\/10\/Ustronie_U\u017cytkowanie_2016.pdf\" target=\"_blank\" rel=\"noopener\">MAPA U\u017bYTKOWANIE\/W\u0141ASNO\u015a\u0106<\/a><\/p>\n\n\n<p><\/p>\n","protected":false},"excerpt":{"rendered":"<p>MAPA NIERUCHOMO\u015aCI MIESZKALNYCH MAPA U\u017bYTKOWANIE\/W\u0141ASNO\u015a\u0106<\/p>\n","protected":false},"author":1,"featured_media":0,"parent":0,"menu_order":0,"comment_status":"open","ping_status":"open","template":"","meta":[],"_links":{"self":[{"href":"https:\/\/ustronie.radom.pl\/cms\/wp-json\/wp\/v2\/pages\/16"}],"collection":[{"href":"https:\/\/ustronie.radom.pl\/cms\/wp-json\/wp\/v2\/pages"}],"about":[{"href":"https:\/\/ustronie.radom.pl\/cms\/wp-json\/wp\/v2\/types\/page"}],"author":[{"embeddable":true,"href":"https:\/\/ustronie.radom.pl\/cms\/wp-json\/wp\/v2\/users\/1"}],"replies":[{"embeddable":true,"href":"https:\/\/ustronie.radom.pl\/cms\/wp-json\/wp\/v2\/comments?post=16"}],"version-history":[{"count":7,"href":"https:\/\/ustronie.radom.pl\/cms\/wp-json\/wp\/v2\/pages\/16\/revisions"}],"predecessor-version":[{"id":3650,"href":"https:\/\/ustronie.radom.pl\/cms\/wp-json\/wp\/v2\/pages\/16\/revisions\/3650"}],"wp:attachment":[{"href":"https:\/\/ustronie.radom.pl\/cms\/wp-json\/wp\/v2\/media?parent=16"}],"curies":[{"name":"wp","href":"https:\/\/api.w.org\/{rel}","templated":true}]}}