{"id":4693,"date":"2025-01-10T11:10:58","date_gmt":"2025-01-10T10:10:58","guid":{"rendered":"https:\/\/ustronie.radom.pl\/cms\/?page_id=4693"},"modified":"2025-01-10T11:15:09","modified_gmt":"2025-01-10T10:15:09","slug":"s-m-ustronie","status":"publish","type":"page","link":"https:\/\/ustronie.radom.pl\/cms\/s-m-ustronie\/","title":{"rendered":"S. M. Ustronie"},"content":{"rendered":"\n<p><strong>Godziny dzia\u0142ania Sp\u00f3\u0142dzielni:<\/strong><\/p>\n\n\n\n<p><strong>Poniedzia\u0142ek, wtorek, czwartek, p<\/strong><strong>i\u0105tek: 7:00 \u2013 15:00<\/strong><\/p>\n\n\n\n<p><strong>\u015aroda: 7:00 &#8211; 17:00<\/strong><\/p>\n\n\n\n<p><strong>Centrala &#8211; tel. 048 385-74-00;<\/strong><\/p>\n\n\n\n<p><strong>Dzia\u0142 Rozlicze\u0144 Czynszowych &#8211; tel. 048 385 74 05<\/strong><\/p>\n\n\n\n<p><strong>Dzia\u0142 Cz\u0142onkowsko Mieszkaniowy &#8211; tel. 048 385 74 06<\/strong><\/p>\n\n\n\n<p><strong>Dzia\u0142 Windykacji &#8211; tel. 048 385 74 04<\/strong><\/p>\n\n\n\n<p>Mail: sekretariat@ustronie.radom.pl<\/p>\n","protected":false},"excerpt":{"rendered":"<p>Godziny dzia\u0142ania Sp\u00f3\u0142dzielni: Poniedzia\u0142ek, wtorek, czwartek, pi\u0105tek: 7:00 \u2013 15:00 \u015aroda: 7:00 &#8211; 17:00 Centrala &#8211; tel. 048 385-74-00; Dzia\u0142 Rozlicze\u0144 Czynszowych &#8211; tel. 048 385 74 05 Dzia\u0142 Cz\u0142onkowsko Mieszkaniowy &#8211; tel. 048&#46;&#46;&#46;<\/p>\n","protected":false},"author":1,"featured_media":0,"parent":0,"menu_order":0,"comment_status":"closed","ping_status":"closed","template":"","meta":[],"_links":{"self":[{"href":"https:\/\/ustronie.radom.pl\/cms\/wp-json\/wp\/v2\/pages\/4693"}],"collection":[{"href":"https:\/\/ustronie.radom.pl\/cms\/wp-json\/wp\/v2\/pages"}],"about":[{"href":"https:\/\/ustronie.radom.pl\/cms\/wp-json\/wp\/v2\/types\/page"}],"author":[{"embeddable":true,"href":"https:\/\/ustronie.radom.pl\/cms\/wp-json\/wp\/v2\/users\/1"}],"replies":[{"embeddable":true,"href":"https:\/\/ustronie.radom.pl\/cms\/wp-json\/wp\/v2\/comments?post=4693"}],"version-history":[{"count":2,"href":"https:\/\/ustronie.radom.pl\/cms\/wp-json\/wp\/v2\/pages\/4693\/revisions"}],"predecessor-version":[{"id":4695,"href":"https:\/\/ustronie.radom.pl\/cms\/wp-json\/wp\/v2\/pages\/4693\/revisions\/4695"}],"wp:attachment":[{"href":"https:\/\/ustronie.radom.pl\/cms\/wp-json\/wp\/v2\/media?parent=4693"}],"curies":[{"name":"wp","href":"https:\/\/api.w.org\/{rel}","templated":true}]}}