{"id":56,"date":"2015-09-26T22:15:06","date_gmt":"2015-09-26T20:15:06","guid":{"rendered":"http:\/\/ustronie.radom.pl\/cms\/?page_id=56"},"modified":"2025-05-08T13:23:57","modified_gmt":"2025-05-08T11:23:57","slug":"platnosci","status":"publish","type":"page","link":"https:\/\/ustronie.radom.pl\/cms\/przewodnik-interesanta\/platnosci\/","title":{"rendered":"P\u0142atno\u015bci"},"content":{"rendered":"<p><strong>P\u0142atno\u015bci mo\u017cna dokonywa\u0107 w\u00a0kasach Monetii:<br \/>\n<\/strong><span class=\"tekst\"><span style=\"color: #000000;\">ul. Wy\u015bcigowa 19 &#8211; siedziba\u00a0 S.M. Ustronie\u00a0<\/span><\/span><\/p>\n<p><strong>Godziny otwarcia kas &#8211; Wy\u015bcigowa 19<\/strong><\/p>\n<p>Poniedzia\u0142ek, wtorek, czwartek, pi\u0105tek &#8211; 7:00 &#8211; 15:00<\/p>\n<p><strong>\u015broda &#8211; 7:00 &#8211; 17:00<\/strong><\/p>\n<p><strong>Wszystkie op\u0142aty got\u00f3wkowe na rzecz Sp\u00f3\u0142dzielni dokonywane s\u0105 bez pobierania prowizji.<\/strong><\/p>\n<p><strong>Istnieje mo\u017cliwo\u015b\u0107 dokonywania op\u0142at czynszowych w formie bezgot\u00f3wkowej (przy u\u017cyciu terminala &#8211; karty p\u0142atniczej). Od op\u0142at wnoszonych bezgot\u00f3wko pobierana jest prowizja w wysoko\u015bci 2,50 z\u0142 za ka\u017cd\u0105 wp\u0142at\u0119.<\/strong><\/p>\n<p><strong>Og\u0142oszenie\u00a0<\/strong><\/p>\n<p><strong>Sp\u00f3\u0142dzielnia Mieszkaniowa \u201dUstronie\u201d informuje, \u017ce nowa agencja p\u0142atnicza <\/strong><strong>MONETII<br \/>\nnr 3075 \u00a0znajduje si\u0119 przy ul. Komandos\u00f3w 2 lok. 5<\/strong><\/p>\n<p><strong>Godziny otwarcia kas <\/strong><strong>poniedzia\u0142ek \u2013 pi\u0105tek od godz. 9.30 do godz. 16.00<\/strong><\/p>\n","protected":false},"excerpt":{"rendered":"<p>P\u0142atno\u015bci mo\u017cna dokonywa\u0107 w\u00a0kasach Monetii: ul. Wy\u015bcigowa 19 &#8211; siedziba\u00a0 S.M. Ustronie\u00a0 Godziny otwarcia kas &#8211; Wy\u015bcigowa 19 Poniedzia\u0142ek, wtorek, czwartek, pi\u0105tek &#8211; 7:00 &#8211; 15:00 \u015broda &#8211; 7:00 &#8211; 17:00 Wszystkie op\u0142aty got\u00f3wkowe&#46;&#46;&#46;<\/p>\n","protected":false},"author":1,"featured_media":0,"parent":10,"menu_order":0,"comment_status":"open","ping_status":"open","template":"","meta":[],"_links":{"self":[{"href":"https:\/\/ustronie.radom.pl\/cms\/wp-json\/wp\/v2\/pages\/56"}],"collection":[{"href":"https:\/\/ustronie.radom.pl\/cms\/wp-json\/wp\/v2\/pages"}],"about":[{"href":"https:\/\/ustronie.radom.pl\/cms\/wp-json\/wp\/v2\/types\/page"}],"author":[{"embeddable":true,"href":"https:\/\/ustronie.radom.pl\/cms\/wp-json\/wp\/v2\/users\/1"}],"replies":[{"embeddable":true,"href":"https:\/\/ustronie.radom.pl\/cms\/wp-json\/wp\/v2\/comments?post=56"}],"version-history":[{"count":12,"href":"https:\/\/ustronie.radom.pl\/cms\/wp-json\/wp\/v2\/pages\/56\/revisions"}],"predecessor-version":[{"id":5002,"href":"https:\/\/ustronie.radom.pl\/cms\/wp-json\/wp\/v2\/pages\/56\/revisions\/5002"}],"up":[{"embeddable":true,"href":"https:\/\/ustronie.radom.pl\/cms\/wp-json\/wp\/v2\/pages\/10"}],"wp:attachment":[{"href":"https:\/\/ustronie.radom.pl\/cms\/wp-json\/wp\/v2\/media?parent=56"}],"curies":[{"name":"wp","href":"https:\/\/api.w.org\/{rel}","templated":true}]}}