{"id":60,"date":"2015-09-26T22:15:42","date_gmt":"2015-09-26T20:15:42","guid":{"rendered":"http:\/\/ustronie.radom.pl\/cms\/?page_id=60"},"modified":"2022-05-06T09:54:29","modified_gmt":"2022-05-06T07:54:29","slug":"zarzad","status":"publish","type":"page","link":"https:\/\/ustronie.radom.pl\/cms\/przewodnik-interesanta\/zarzad\/","title":{"rendered":"Zarz\u0105d"},"content":{"rendered":"\n<p><strong>Zarz\u0105d Sp\u00f3\u0142dzielni Mieszkaniowej &#8222;Ustronie&#8221; przyjmuje mieszka\u0144c\u00f3w w sprawach cz\u0142onkowsko mieszkaniowych w \u015brody od godz. 15:00-17:00<\/strong> ( I pi\u0119tro, pok. nr 30) <\/p>\n","protected":false},"excerpt":{"rendered":"<p>Zarz\u0105d Sp\u00f3\u0142dzielni Mieszkaniowej &#8222;Ustronie&#8221; przyjmuje mieszka\u0144c\u00f3w w sprawach cz\u0142onkowsko mieszkaniowych w \u015brody od godz. 15:00-17:00 ( I pi\u0119tro, pok. nr 30)<\/p>\n","protected":false},"author":1,"featured_media":0,"parent":10,"menu_order":0,"comment_status":"open","ping_status":"open","template":"","meta":[],"_links":{"self":[{"href":"https:\/\/ustronie.radom.pl\/cms\/wp-json\/wp\/v2\/pages\/60"}],"collection":[{"href":"https:\/\/ustronie.radom.pl\/cms\/wp-json\/wp\/v2\/pages"}],"about":[{"href":"https:\/\/ustronie.radom.pl\/cms\/wp-json\/wp\/v2\/types\/page"}],"author":[{"embeddable":true,"href":"https:\/\/ustronie.radom.pl\/cms\/wp-json\/wp\/v2\/users\/1"}],"replies":[{"embeddable":true,"href":"https:\/\/ustronie.radom.pl\/cms\/wp-json\/wp\/v2\/comments?post=60"}],"version-history":[{"count":10,"href":"https:\/\/ustronie.radom.pl\/cms\/wp-json\/wp\/v2\/pages\/60\/revisions"}],"predecessor-version":[{"id":3468,"href":"https:\/\/ustronie.radom.pl\/cms\/wp-json\/wp\/v2\/pages\/60\/revisions\/3468"}],"up":[{"embeddable":true,"href":"https:\/\/ustronie.radom.pl\/cms\/wp-json\/wp\/v2\/pages\/10"}],"wp:attachment":[{"href":"https:\/\/ustronie.radom.pl\/cms\/wp-json\/wp\/v2\/media?parent=60"}],"curies":[{"name":"wp","href":"https:\/\/api.w.org\/{rel}","templated":true}]}}