{"id":62,"date":"2015-09-26T22:15:59","date_gmt":"2015-09-26T20:15:59","guid":{"rendered":"http:\/\/ustronie.radom.pl\/cms\/?page_id=62"},"modified":"2015-11-16T21:19:24","modified_gmt":"2015-11-16T20:19:24","slug":"weblokator","status":"publish","type":"page","link":"https:\/\/ustronie.radom.pl\/cms\/przewodnik-interesanta\/weblokator\/","title":{"rendered":"WebLokator"},"content":{"rendered":"<p>Us\u0142uga ta (pod nazw\u0105 E-us\u0142ugi\/WebLokator) ma posta\u0107 dedykowanego portalu internetowego, kt\u00f3ry dostarczy informacji, dotycz\u0105cych stanu finansowego oraz zasobowego (powierzchnie, ilo\u015bci, itp.).<\/p>\n<p><strong>Jak uzyska\u0107 dost\u0119p do us\u0142ugi E-us\u0142ugi\/WebLokator?<\/strong><\/p>\n<p>Nale\u017cy aktywowa\u0107 indywidualne konto dost\u0119pu \u2013 w Dziale Obs\u0142ugi Mieszka\u0144c\u00f3w, w siedzibie Sp\u00f3\u0142dzielni. Prosimy o zabranie dokumentu potwierdzaj\u0105cego to\u017csamo\u015b\u0107.<\/p>\n<p>Na miejscu dostan\u0105 Pa\u0144stwo tre\u015b\u0107 \u201eRegulaminu korzystania z informacji o stanie konta czynszowego poprzez Internet w Sp\u00f3\u0142dzielni Mieszkaniowej USTRONIE w\u00a0Radomiu.\u201d i o\u015bwiadczenie do podpisu oraz potwierdzenie danych autoryzacyjnych \u2013 identyfikator oraz has\u0142o pocz\u0105tkowe.<\/p>\n<p>Konto b\u0119dzie w tym samym czsie aktywowane.<\/p>\n<p>Portal jest dost\u0119pny po klikni\u0119ciu odno\u015bnika \u201eWebLokator\u201d na stronie g\u0142\u00f3wnej Sp\u00f3\u0142dzielni (www.ustronie.radom.pl). Na naszej stronie www, w dziale \u201eDokumenty do pobrania\u201d, jest r\u00f3wnie\u017c dost\u0119pna instrukcja u\u017cytkowania Portalu.<\/p>\n<p>Przy pierwszym logowaniu, system poprosi o zmian\u0119 has\u0142a pocz\u0105tkowego na indywidualne has\u0142o dost\u0119pu.<\/p>\n<p>W przypadku problem\u00f3w prosimy o kontakt z Dzia\u0142em Obs\u0142ugi Mieszka\u0144ca lub na adres mailowy weblokator@ustronie.radom.pl,<\/p>\n<p>Pliki do pobrania:<\/p>\n<p><a href=\"https:\/\/ustronie.radom.pl\/cms\/wp-content\/uploads\/2015\/09\/Regulamin_konto-internetowe.pdf\">Regulamin_konto internetowe<\/a><\/p>\n<p><a href=\"https:\/\/ustronie.radom.pl\/cms\/wp-content\/uploads\/2015\/09\/Instrukcja-E-us\u0142ugi.pdf\">Instrukcja E-us\u0142ugi<\/a><\/p>\n","protected":false},"excerpt":{"rendered":"<p>Us\u0142uga ta (pod nazw\u0105 E-us\u0142ugi\/WebLokator) ma posta\u0107 dedykowanego portalu internetowego, kt\u00f3ry dostarczy informacji, dotycz\u0105cych stanu finansowego oraz zasobowego (powierzchnie, ilo\u015bci, itp.). Jak uzyska\u0107 dost\u0119p do us\u0142ugi E-us\u0142ugi\/WebLokator? Nale\u017cy aktywowa\u0107 indywidualne konto dost\u0119pu \u2013 w&#46;&#46;&#46;<\/p>\n","protected":false},"author":1,"featured_media":0,"parent":10,"menu_order":0,"comment_status":"open","ping_status":"open","template":"","meta":[],"_links":{"self":[{"href":"https:\/\/ustronie.radom.pl\/cms\/wp-json\/wp\/v2\/pages\/62"}],"collection":[{"href":"https:\/\/ustronie.radom.pl\/cms\/wp-json\/wp\/v2\/pages"}],"about":[{"href":"https:\/\/ustronie.radom.pl\/cms\/wp-json\/wp\/v2\/types\/page"}],"author":[{"embeddable":true,"href":"https:\/\/ustronie.radom.pl\/cms\/wp-json\/wp\/v2\/users\/1"}],"replies":[{"embeddable":true,"href":"https:\/\/ustronie.radom.pl\/cms\/wp-json\/wp\/v2\/comments?post=62"}],"version-history":[{"count":4,"href":"https:\/\/ustronie.radom.pl\/cms\/wp-json\/wp\/v2\/pages\/62\/revisions"}],"predecessor-version":[{"id":760,"href":"https:\/\/ustronie.radom.pl\/cms\/wp-json\/wp\/v2\/pages\/62\/revisions\/760"}],"up":[{"embeddable":true,"href":"https:\/\/ustronie.radom.pl\/cms\/wp-json\/wp\/v2\/pages\/10"}],"wp:attachment":[{"href":"https:\/\/ustronie.radom.pl\/cms\/wp-json\/wp\/v2\/media?parent=62"}],"curies":[{"name":"wp","href":"https:\/\/api.w.org\/{rel}","templated":true}]}}